{"id":277,"date":"2022-05-23T09:43:25","date_gmt":"2022-05-23T06:43:25","guid":{"rendered":"https:\/\/new.asociatia-partener.ro\/?page_id=277"},"modified":"2023-03-02T10:15:20","modified_gmt":"2023-03-02T08:15:20","slug":"activitati-si-proiecte-in-curs","status":"publish","type":"page","link":"https:\/\/asociatia-partener.ro\/en\/activitati-si-proiecte-in-curs\/","title":{"rendered":"Ongoing activities and projects"},"content":{"rendered":"<p><div id=\"grid_proiecte\"><div class=\"row ml-n2 mr-n2 ml-lg-n3 mr-lg-n3\"><div class=\"proiect_item col-6 col-md-4 pl-2 pr-2 pl-lg-3 pr-lg-3\"><a href=\"https:\/\/asociatia-partener.ro\/en\/proiect\/proiectul-telesan\/\" title=\"Proiectul teleSAN\"><div class=\"proiect_image_wrap\" style=\"background-image:url(https:\/\/asociatia-partener.ro\/wp-content\/uploads\/doctor-analyzing-3d-hologram-human-anatomy-digital-device-1-600x343.jpg)\"><\/div><div class=\"proiect_title\">Proiectul teleSAN<\/div><\/a><\/div><div class=\"proiect_item col-6 col-md-4 pl-2 pr-2 pl-lg-3 pr-lg-3\"><a href=\"https:\/\/asociatia-partener.ro\/en\/proiect\/proiectul-digisan\/\" title=\"Proiectul DIGIsan\"><div class=\"proiect_image_wrap\" style=\"background-image:url(https:\/\/asociatia-partener.ro\/wp-content\/uploads\/hand-double-exposure-healthcare-medicine-concept-virtual-screen-interface-1-600x295.jpg)\"><\/div><div class=\"proiect_title\">Proiectul DIGIsan<\/div><\/a><\/div><div class=\"proiect_item col-6 col-md-4 pl-2 pr-2 pl-lg-3 pr-lg-3\"><a href=\"https:\/\/asociatia-partener.ro\/en\/proiect\/qualite-pharma\/\" title=\"Qualit\u00e9 PHARMA\"><div class=\"proiect_image_wrap\" style=\"background-image:url(https:\/\/asociatia-partener.ro\/wp-content\/uploads\/young-caucasian-employee-sterile-uniform-holding-tablet-counting-products-boxes-food-factory-interior-600x400.webp)\"><\/div><div class=\"proiect_title\">Qualit\u00e9 PHARMA<\/div><\/a><\/div><div class=\"proiect_item col-6 col-md-4 pl-2 pr-2 pl-lg-3 pr-lg-3\"><a href=\"https:\/\/asociatia-partener.ro\/en\/proiect\/ftlv-qualite-sante\/\" title=\"FTLV Qualit\u00e9 SANTE\"><div class=\"proiect_image_wrap\" style=\"background-image:url(https:\/\/asociatia-partener.ro\/wp-content\/uploads\/team-doctors-meeting--600x306.webp)\"><\/div><div class=\"proiect_title\">FTLV Qualit\u00e9 SANTE<\/div><\/a><\/div><div class=\"proiect_item col-6 col-md-4 pl-2 pr-2 pl-lg-3 pr-lg-3\"><a href=\"https:\/\/asociatia-partener.ro\/en\/proiect\/proiectul-telemed\/\" title=\"Proiectul TELEmed\"><div class=\"proiect_image_wrap\" style=\"background-image:url(https:\/\/asociatia-partener.ro\/wp-content\/uploads\/TELEmed-600x306.webp)\"><\/div><div class=\"proiect_title\">Proiectul TELEmed<\/div><\/a><\/div><div class=\"proiect_item col-6 col-md-4 pl-2 pr-2 pl-lg-3 pr-lg-3\"><a href=\"https:\/\/asociatia-partener.ro\/en\/proiect\/proiectul-sante\/\" title=\"Proiectul SANTE+\"><div class=\"proiect_image_wrap\" style=\"background-image:url(https:\/\/asociatia-partener.ro\/wp-content\/uploads\/SANTE_site-internet_din-postare-facebook-3-600x283.png)\"><\/div><div class=\"proiect_title\">Proiectul SANTE+<\/div><\/a><\/div><div class=\"proiect_item col-6 col-md-4 pl-2 pr-2 pl-lg-3 pr-lg-3\"><a href=\"https:\/\/asociatia-partener.ro\/en\/proiect\/proiectul-lmqs\/\" title=\"Proiectul LMQS\"><div class=\"proiect_image_wrap\" style=\"background-image:url(https:\/\/asociatia-partener.ro\/wp-content\/uploads\/2.-LMQS_site_internet_P2-600x225.jpg)\"><\/div><div class=\"proiect_title\">Proiectul LMQS<\/div><\/a><\/div><div class=\"proiect_item col-6 col-md-4 pl-2 pr-2 pl-lg-3 pr-lg-3\"><a href=\"https:\/\/asociatia-partener.ro\/en\/proiect\/proiectul-neses\/\" title=\"Proiectul NESES\"><div class=\"proiect_image_wrap\" style=\"background-image:url(https:\/\/asociatia-partener.ro\/wp-content\/uploads\/3.-Neses-600x306.jpg)\"><\/div><div class=\"proiect_title\">Proiectul NESES<\/div><\/a><\/div><div class=\"proiect_item col-6 col-md-4 pl-2 pr-2 pl-lg-3 pr-lg-3\"><a href=\"https:\/\/asociatia-partener.ro\/en\/proiect\/proiectul-sanform\/\" title=\"Proiectul SANform\"><div class=\"proiect_image_wrap\" style=\"background-image:url(https:\/\/asociatia-partener.ro\/wp-content\/uploads\/proiect_sanform-600x267.jpg)\"><\/div><div class=\"proiect_title\">Proiectul SANform<\/div><\/a><\/div><div class=\"proiect_item col-6 col-md-4 pl-2 pr-2 pl-lg-3 pr-lg-3\"><a href=\"https:\/\/asociatia-partener.ro\/en\/proiect\/proiectul-lmpt\/\" title=\"Proiectul LMPT\"><div class=\"proiect_image_wrap\" style=\"background-image:url(https:\/\/asociatia-partener.ro\/wp-content\/uploads\/LMPT-landscape-op-600x178.png)\"><\/div><div class=\"proiect_title\">Proiectul LMPT<\/div><\/a><\/div><div class=\"proiect_item col-6 col-md-4 pl-2 pr-2 pl-lg-3 pr-lg-3\"><a href=\"https:\/\/asociatia-partener.ro\/en\/proiect\/proiectul-integra\/\" title=\"Proiectul INTEGRA\"><div class=\"proiect_image_wrap\" style=\"background-image:url(https:\/\/asociatia-partener.ro\/wp-content\/uploads\/5.INTEGRA-600x400.jpg)\"><\/div><div class=\"proiect_title\">Proiectul INTEGRA<\/div><\/a><\/div><div class=\"proiect_item col-6 col-md-4 pl-2 pr-2 pl-lg-3 pr-lg-3\"><a href=\"https:\/\/asociatia-partener.ro\/en\/proiect\/proiectul-acces-dmi-2-3\/\" title=\"Proiectul ACCES DMI 2.3\"><div class=\"proiect_image_wrap\" style=\"background-image:url(https:\/\/asociatia-partener.ro\/wp-content\/uploads\/ACCES-DMI-2.3-600x532.png)\"><\/div><div class=\"proiect_title\">Proiectul ACCES DMI 2.3<\/div><\/a><\/div><div class=\"proiect_item col-6 col-md-4 pl-2 pr-2 pl-lg-3 pr-lg-3\"><a href=\"https:\/\/asociatia-partener.ro\/en\/proiect\/proiectul-acces-dmi-6-2\/\" title=\"Proiectul ACCES DMI 6.2\"><div class=\"proiect_image_wrap\" style=\"background-image:url(https:\/\/asociatia-partener.ro\/wp-content\/uploads\/7.-ACCES-DMI-6.2-600x282.jpg)\"><\/div><div class=\"proiect_title\">Proiectul ACCES DMI 6.2<\/div><\/a><\/div><div class=\"proiect_item col-6 col-md-4 pl-2 pr-2 pl-lg-3 pr-lg-3\"><a href=\"https:\/\/asociatia-partener.ro\/en\/proiect\/proiectul-cofop\/\" title=\"Proiectul COFOP\"><div class=\"proiect_image_wrap\" style=\"background-image:url(https:\/\/asociatia-partener.ro\/wp-content\/uploads\/8.-COFOP-600x277.png)\"><\/div><div class=\"proiect_title\">Proiectul COFOP<\/div><\/a><\/div><div class=\"proiect_item col-6 col-md-4 pl-2 pr-2 pl-lg-3 pr-lg-3\"><a href=\"https:\/\/asociatia-partener.ro\/en\/proiect\/proiectul-perfinpro\/\" title=\"Proiectul PERFINPRO\"><div class=\"proiect_image_wrap\" style=\"background-image:url(https:\/\/asociatia-partener.ro\/wp-content\/uploads\/PERFINPRO-600x168.png)\"><\/div><div class=\"proiect_title\">Proiectul PERFINPRO<\/div><\/a><\/div><div class=\"proiect_item col-6 col-md-4 pl-2 pr-2 pl-lg-3 pr-lg-3\"><a href=\"https:\/\/asociatia-partener.ro\/en\/proiect\/proiectul-smado\/\" title=\"Proiectul SMADO\"><div class=\"proiect_image_wrap\" style=\"background-image:url(https:\/\/asociatia-partener.ro\/wp-content\/uploads\/SMADO-600x281.jpg)\"><\/div><div class=\"proiect_title\">Proiectul SMADO<\/div><\/a><\/div><div class=\"proiect_item col-6 col-md-4 pl-2 pr-2 pl-lg-3 pr-lg-3\"><a href=\"https:\/\/asociatia-partener.ro\/en\/proiect\/proiectul-tsc\/\" title=\"Proiectul TSC\"><div class=\"proiect_image_wrap\" style=\"background-image:url(https:\/\/asociatia-partener.ro\/wp-content\/uploads\/TSC-v4-600x431.jpg)\"><\/div><div class=\"proiect_title\">Proiectul TSC<\/div><\/a><\/div><div class=\"proiect_item col-6 col-md-4 pl-2 pr-2 pl-lg-3 pr-lg-3\"><a href=\"https:\/\/asociatia-partener.ro\/en\/proiect\/proiectul-relais-plus\/\" title=\"Proiectul RELAIS PLUS\"><div class=\"proiect_image_wrap\" style=\"background-image:url(https:\/\/asociatia-partener.ro\/wp-content\/uploads\/RELAIS-PLUS-v2-600x252.png)\"><\/div><div class=\"proiect_title\">Proiectul RELAIS PLUS<\/div><\/a><\/div><div class=\"proiect_item col-6 col-md-4 pl-2 pr-2 pl-lg-3 pr-lg-3\"><a href=\"https:\/\/asociatia-partener.ro\/en\/proiect\/proiectul-afue\/\" title=\"Proiectul AFUE\"><div class=\"proiect_image_wrap\" style=\"background-image:url(https:\/\/asociatia-partener.ro\/wp-content\/uploads\/asistenti-maternali.jpg)\"><\/div><div class=\"proiect_title\">Proiectul AFUE<\/div><\/a><\/div><div class=\"proiect_item col-6 col-md-4 pl-2 pr-2 pl-lg-3 pr-lg-3\"><a href=\"https:\/\/asociatia-partener.ro\/en\/proiect\/proiectul-tromao\/\" title=\"Proiectul TROMAO\"><div class=\"proiect_image_wrap\" style=\"background-image:url(https:\/\/asociatia-partener.ro\/wp-content\/uploads\/TROMAO-v2.png)\"><\/div><div class=\"proiect_title\">Proiectul TROMAO<\/div><\/a><\/div><div class=\"proiect_item col-6 col-md-4 pl-2 pr-2 pl-lg-3 pr-lg-3\"><a href=\"https:\/\/asociatia-partener.ro\/en\/proiect\/proiectul-pisteur\/\" title=\"Proiectul Pisteur\"><div class=\"proiect_image_wrap\" style=\"background-image:url(https:\/\/asociatia-partener.ro\/wp-content\/uploads\/15.-PISTEUR-v2-600x172.png)\"><\/div><div class=\"proiect_title\">Proiectul Pisteur<\/div><\/a><\/div><div class=\"proiect_item col-6 col-md-4 pl-2 pr-2 pl-lg-3 pr-lg-3\"><a href=\"https:\/\/asociatia-partener.ro\/en\/proiect\/proiectul-therm\/\" title=\"Proiectul THERM\"><div class=\"proiect_image_wrap\" style=\"background-image:url(https:\/\/asociatia-partener.ro\/wp-content\/uploads\/THERM-v2-600x431.jpg)\"><\/div><div class=\"proiect_title\">Proiectul THERM<\/div><\/a><\/div><div class=\"proiect_item col-6 col-md-4 pl-2 pr-2 pl-lg-3 pr-lg-3\"><a href=\"https:\/\/asociatia-partener.ro\/en\/proiect\/proiectul-gastronim\/\" title=\"Proiectul GASTROTRAIN\"><div class=\"proiect_image_wrap\" style=\"background-image:url(https:\/\/asociatia-partener.ro\/wp-content\/uploads\/GASTROTRAIN-fara-imag-dr2-600x443.png)\"><\/div><div class=\"proiect_title\">Proiectul GASTROTRAIN<\/div><\/a><\/div><div class=\"proiect_item col-6 col-md-4 pl-2 pr-2 pl-lg-3 pr-lg-3\"><a href=\"https:\/\/asociatia-partener.ro\/en\/proiect\/proiectul-ifi\/\" title=\"Proiectul IFI\"><div class=\"proiect_image_wrap\" style=\"background-image:url(https:\/\/asociatia-partener.ro\/wp-content\/uploads\/18.-IFI-v2-600x203.png)\"><\/div><div class=\"proiect_title\">Proiectul IFI<\/div><\/a><\/div><div class=\"proiect_item col-6 col-md-4 pl-2 pr-2 pl-lg-3 pr-lg-3\"><a href=\"https:\/\/asociatia-partener.ro\/en\/proiect\/proiectul-relais-2\/\" title=\"Proiectul RELAIS 2\"><div class=\"proiect_image_wrap\" style=\"background-image:url(https:\/\/asociatia-partener.ro\/wp-content\/uploads\/business-people-meeting-design-ideas-concept-business-planning_1421-392-600x400.jpg)\"><\/div><div class=\"proiect_title\">Proiectul RELAIS 2<\/div><\/a><\/div><div class=\"proiect_item col-6 col-md-4 pl-2 pr-2 pl-lg-3 pr-lg-3\"><a href=\"https:\/\/asociatia-partener.ro\/en\/proiect\/proiectul-eurocons\/\" title=\"Proiectul EUROCONS\"><div class=\"proiect_image_wrap\" style=\"background-image:url(https:\/\/asociatia-partener.ro\/wp-content\/uploads\/EUROCONS-600x419.jpg)\"><\/div><div class=\"proiect_title\">Proiectul EUROCONS<\/div><\/a><\/div><div class=\"proiect_item col-6 col-md-4 pl-2 pr-2 pl-lg-3 pr-lg-3\"><a href=\"https:\/\/asociatia-partener.ro\/en\/proiect\/proiectul-gastrotrain\/\" title=\"Proiectul GASTRONIM\"><div class=\"proiect_image_wrap\" style=\"background-image:url(https:\/\/asociatia-partener.ro\/wp-content\/uploads\/GASTRONIM-600x109.png)\"><\/div><div class=\"proiect_title\">Proiectul GASTRONIM<\/div><\/a><\/div><div class=\"proiect_item col-6 col-md-4 pl-2 pr-2 pl-lg-3 pr-lg-3\"><a href=\"https:\/\/asociatia-partener.ro\/en\/proiect\/proiectul-cerrt\/\" title=\"Proiectul CERRT\"><div class=\"proiect_image_wrap\" style=\"background-image:url(https:\/\/asociatia-partener.ro\/wp-content\/uploads\/exterior-view-monastery-sucevita-moldovia-romania-1000px-600x400.jpg)\"><\/div><div class=\"proiect_title\">Proiectul CERRT<\/div><\/a><\/div><div class=\"proiect_item col-6 col-md-4 pl-2 pr-2 pl-lg-3 pr-lg-3\"><a href=\"https:\/\/asociatia-partener.ro\/en\/proiect\/proiectul-centrul-de-zi-myosotis\/\" title=\"Proiectul Centrul de zi \"MYOSOTIS\"\"><div class=\"proiect_image_wrap\" style=\"background-image:url(https:\/\/asociatia-partener.ro\/wp-content\/uploads\/23.-Centrul-de-zi-MYOSOTIS-600x160.jpg)\"><\/div><div class=\"proiect_title\">Proiectul Centrul de zi \"MYOSOTIS\"<\/div><\/a><\/div><div class=\"proiect_item col-6 col-md-4 pl-2 pr-2 pl-lg-3 pr-lg-3\"><a href=\"https:\/\/asociatia-partener.ro\/en\/proiect\/proiectul-trama\/\" title=\"Proiectul TRAMA\"><div class=\"proiect_image_wrap\" style=\"background-image:url(https:\/\/asociatia-partener.ro\/wp-content\/uploads\/24.-TRAMA_hires-600x400.jpg)\"><\/div><div class=\"proiect_title\">Proiectul TRAMA<\/div><\/a><\/div><div class=\"proiect_item col-6 col-md-4 pl-2 pr-2 pl-lg-3 pr-lg-3\"><a href=\"https:\/\/asociatia-partener.ro\/en\/proiect\/proiectul-masuri-active-de-sprijinire-a-varstnicilor\/\" title=\"Proiectul \u201eM\u0103suri active de sprijinire a v\u00e2rstnicilor\u201d\"><div class=\"proiect_image_wrap\" style=\"background-image:url(https:\/\/asociatia-partener.ro\/wp-content\/uploads\/25.-Masuri-active-de-sprijinire-a-varstnicilor_hires-600x400.jpg)\"><\/div><div class=\"proiect_title\">Proiectul \u201eM\u0103suri active de sprijinire a v\u00e2rstnicilor\u201d<\/div><\/a><\/div><div class=\"proiect_item col-6 col-md-4 pl-2 pr-2 pl-lg-3 pr-lg-3\"><a href=\"https:\/\/asociatia-partener.ro\/en\/proiect\/bucataria-moldoveneasca\/\" title=\"Buc\u0103t\u0103ria Moldoveneasc\u0103\"><div class=\"proiect_image_wrap\" style=\"background-image:url(https:\/\/asociatia-partener.ro\/wp-content\/uploads\/bucataria_moldoveneasca-600x225.jpg)\"><\/div><div class=\"proiect_title\">Buc\u0103t\u0103ria Moldoveneasc\u0103<\/div><\/a><\/div><\/div><\/div>Vezi toate proiecteleSee all projects&#8221; endlinkurl=&#8221;\/proiecte\/&#8221;]<\/p>","protected":false},"excerpt":{"rendered":"<p>Vezi toate proiecteleSee all projects&#8221; endlinkurl=&#8221;\/proiecte\/&#8221;]<\/p>\n","protected":false},"author":1,"featured_media":0,"parent":0,"menu_order":0,"comment_status":"closed","ping_status":"closed","template":"","meta":{"_acf_changed":false,"footnotes":""},"class_list":["post-277","page","type-page","status-publish","hentry"],"acf":[],"_links":{"self":[{"href":"https:\/\/asociatia-partener.ro\/en\/wp-json\/wp\/v2\/pages\/277","targetHints":{"allow":["GET"]}}],"collection":[{"href":"https:\/\/asociatia-partener.ro\/en\/wp-json\/wp\/v2\/pages"}],"about":[{"href":"https:\/\/asociatia-partener.ro\/en\/wp-json\/wp\/v2\/types\/page"}],"author":[{"embeddable":true,"href":"https:\/\/asociatia-partener.ro\/en\/wp-json\/wp\/v2\/users\/1"}],"replies":[{"embeddable":true,"href":"https:\/\/asociatia-partener.ro\/en\/wp-json\/wp\/v2\/comments?post=277"}],"version-history":[{"count":8,"href":"https:\/\/asociatia-partener.ro\/en\/wp-json\/wp\/v2\/pages\/277\/revisions"}],"predecessor-version":[{"id":401,"href":"https:\/\/asociatia-partener.ro\/en\/wp-json\/wp\/v2\/pages\/277\/revisions\/401"}],"wp:attachment":[{"href":"https:\/\/asociatia-partener.ro\/en\/wp-json\/wp\/v2\/media?parent=277"}],"curies":[{"name":"wp","href":"https:\/\/api.w.org\/{rel}","templated":true}]}}